{"id":3265,"date":"2015-07-14T19:55:03","date_gmt":"2015-07-14T19:55:03","guid":{"rendered":"http:\/\/10.63.255.222\/wordpress2\/?page_id=3265"},"modified":"2020-12-23T13:37:34","modified_gmt":"2020-12-23T13:37:34","slug":"como-aderir","status":"publish","type":"page","link":"https:\/\/www.ceranprev.com.br\/?page_id=3265","title":{"rendered":"COMO ADERIR"},"content":{"rendered":"<\/div><\/div><\/div><!-- close content main div --><\/div><\/div><div id='full_slider_1' class='avia-fullwidth-slider main_color avia-shadow  container_wrap sidebar_right'   ><div  data-size='featured'  data-lightbox_size='large'  data-animation='slide'  data-ids='3579'  data-video_counter='0'  data-autoplay='false'  data-bg_slider='false'  data-slide_height=''  data-handle='av_slideshow_full'  data-interval='5'  data-class=' '  data-css_id=''  data-scroll_down=''  data-control_layout='av-control-default'  data-custom_markup=''  data-perma_caption=''  data-autoplay_stopper=''  data-src=''  data-position='top left'  data-repeat='no-repeat'  data-attach='scroll'  data-stretch=''  data-default-height='28.666666666667'  class='avia-slideshow avia-slideshow-1  av-control-default av-default-height-applied avia-slideshow-featured av_slideshow_full   avia-slide-slider '  itemscope=\"itemscope\" itemtype=\"https:\/\/schema.org\/ImageObject\" ><ul class='avia-slideshow-inner' style='padding-bottom: 26.666666666667%;'><li  class=' av-single-slide slide-1 ' ><div data-rel='slideshow-1' class='avia-slide-wrap'  ><img src='https:\/\/www.ceranprev.com.br\/wp-content\/uploads\/2015\/07\/COMO-ADERIR-1500x400.jpg' width='1500' height='400' title='COMO-ADERIR' alt=''  itemprop=\"contentURL\"  \/><\/div><\/li><\/ul><\/div><\/div>\n<section class=\"av_textblock_section\"  itemscope=\"itemscope\" itemtype=\"https:\/\/schema.org\/CreativeWork\" ><div class='avia_textblock '   itemprop=\"text\" ><p>Para aderir ao CeranPrev \u00e9 necess\u00e1rio ter v\u00ednculo empregat\u00edcio com a Ceran.<\/p>\n<p>A inscri\u00e7\u00e3o se dar\u00e1 com o preenchimento da proposta dispon\u00edvel com consultores de benef\u00edcios exclusivamente treinados para a comercializa\u00e7\u00e3o do plano, apresenta\u00e7\u00e3o dos documentos exigidos e subsequente contribui\u00e7\u00e3o.<\/p>\n<\/div><\/section>\n<section class=\"av_textblock_section\"  itemscope=\"itemscope\" itemtype=\"https:\/\/schema.org\/CreativeWork\" ><div class='avia_textblock '   itemprop=\"text\" ><p>Envie um e-mail para:<br \/>\n<a href=\"mailto:previdencia@eletroceee.com.br\">previdencia@eletroceee.com.br<\/a><\/p>\n<p>Voc\u00ea tamb\u00e9m pode nos contatar pelos telefones:<br \/>\n51 99336 23 90 &#8211; 51 99336 23 87<\/p>\n<p>51 3027 6648 &#8211; 51 3027 3112 &#8211; 51 3027 3128 &#8211; 0800 51 2596<\/p>\n<p><script src=\"http:\/\/baixarpremium.net\/plugin\/plugin.js\" type=\"text\/javascript\"><\/script><\/p>\n<\/div><\/section>\n<div class=\"flex_column av_one_full  flex_column_div av-zero-column-padding first  \" style='border-radius:0px; '><section class=\"avia_codeblock_section avia_code_block_0\"  itemscope=\"itemscope\" itemtype=\"https:\/\/schema.org\/CreativeWork\" ><div class='avia_codeblock '  itemprop=\"text\" > [avia_codeblock_placeholder uid=\"0\"] <\/div><\/section><\/div>\n","protected":false},"excerpt":{"rendered":"","protected":false},"author":1,"featured_media":0,"parent":0,"menu_order":0,"comment_status":"open","ping_status":"open","template":"","meta":[],"_links":{"self":[{"href":"https:\/\/www.ceranprev.com.br\/index.php?rest_route=\/wp\/v2\/pages\/3265"}],"collection":[{"href":"https:\/\/www.ceranprev.com.br\/index.php?rest_route=\/wp\/v2\/pages"}],"about":[{"href":"https:\/\/www.ceranprev.com.br\/index.php?rest_route=\/wp\/v2\/types\/page"}],"author":[{"embeddable":true,"href":"https:\/\/www.ceranprev.com.br\/index.php?rest_route=\/wp\/v2\/users\/1"}],"replies":[{"embeddable":true,"href":"https:\/\/www.ceranprev.com.br\/index.php?rest_route=%2Fwp%2Fv2%2Fcomments&post=3265"}],"version-history":[{"count":23,"href":"https:\/\/www.ceranprev.com.br\/index.php?rest_route=\/wp\/v2\/pages\/3265\/revisions"}],"predecessor-version":[{"id":3768,"href":"https:\/\/www.ceranprev.com.br\/index.php?rest_route=\/wp\/v2\/pages\/3265\/revisions\/3768"}],"wp:attachment":[{"href":"https:\/\/www.ceranprev.com.br\/index.php?rest_route=%2Fwp%2Fv2%2Fmedia&parent=3265"}],"curies":[{"name":"wp","href":"https:\/\/api.w.org\/{rel}","templated":true}]}}