{"id":65,"date":"2014-08-25T14:08:41","date_gmt":"2014-08-25T14:08:41","guid":{"rendered":"http:\/\/192.168.1.104\/enfold-photography\/?page_id=2"},"modified":"2016-07-11T20:01:38","modified_gmt":"2016-07-11T20:01:38","slug":"frontpage","status":"publish","type":"page","link":"https:\/\/www.ceranprev.com.br\/","title":{"rendered":"Frontpage"},"content":{"rendered":"<div id='fullscreen_slider_0' class='avia-fullscreen-slider main_color  container_wrap sidebar_right'   ><div  data-size='extra_large'  data-lightbox_size='large'  data-animation='fade'  data-ids='3668'  data-video_counter='0'  data-autoplay='true'  data-bg_slider='true'  data-slide_height='100'  data-handle='av_fullscreen'  data-interval='3'  data-class=' '  data-css_id='fullscreen_slider_0'  data-scroll_down=''  data-control_layout='av-control-hidden'  data-custom_markup=''  data-perma_caption='aviaTBperma_caption'  data-autoplay_stopper=''  data-stretch=''  data-default-height='100'  class='avia-slideshow avia-slideshow-1  av-control-hidden av-default-height-applied avia-slideshow-extra_large av_fullscreen   avia-fade-slider '  itemscope=\"itemscope\" itemtype=\"https:\/\/schema.org\/ImageObject\" ><ul class='avia-slideshow-inner' style='padding-bottom: 75%;'><li style='background-position:center center;' data-img-url='https:\/\/www.ceranprev.com.br\/wp-content\/uploads\/2014\/08\/DSC01721-1500x1125.jpg' class=' av-single-slide slide-1 ' ><div data-rel='slideshow-1' class='avia-slide-wrap'  ><\/div><\/li><\/ul><div class = \"caption_fullwidth av-slideshow-caption caption_right caption_right_framed caption_framed\"><div class = \"container caption_container\"><div class = \"slideshow_caption\"><div class = \"slideshow_inner_caption\"><div class = \"slideshow_align_caption\"><h2  style='font-size:36px; ' class='avia-caption-title'  itemprop=\"name\" >SEU FUTURO DEPENDE DAS SUAS ESCOLHAS<\/h2><div class='avia-caption-content av_inherit_color'  itemprop=\"description\"   style='font-size:16px; '><p>Bem-vindo ao Plano de Previd\u00eancia CeranPrev. Navegue pelo site e descubra por que investir em previd\u00eancia complementar \u00e9 uma op\u00e7\u00e3o inteligente e rent\u00e1vel que pode gerar grandes resultados para voc\u00ea.<br \/>\nO CeranPrev \u00e9 o plano de previd\u00eancia que a Ceran oferece a seus empregados. Voc\u00ea e a empresa contribuem todo m\u00eas para formar uma poupan\u00e7a para sua futura aposentadoria.<br \/>\nConhe\u00e7a as vantagens de ser participante do CeranPrev, um plano desenhado especialmente para voc\u00ea.<\/p>\n<\/div><\/div><\/div><\/div><\/div><\/div><\/div><\/div>\n","protected":false},"excerpt":{"rendered":"","protected":false},"author":1,"featured_media":0,"parent":0,"menu_order":0,"comment_status":"open","ping_status":"open","template":"","meta":[],"_links":{"self":[{"href":"https:\/\/www.ceranprev.com.br\/index.php?rest_route=\/wp\/v2\/pages\/65"}],"collection":[{"href":"https:\/\/www.ceranprev.com.br\/index.php?rest_route=\/wp\/v2\/pages"}],"about":[{"href":"https:\/\/www.ceranprev.com.br\/index.php?rest_route=\/wp\/v2\/types\/page"}],"author":[{"embeddable":true,"href":"https:\/\/www.ceranprev.com.br\/index.php?rest_route=\/wp\/v2\/users\/1"}],"replies":[{"embeddable":true,"href":"https:\/\/www.ceranprev.com.br\/index.php?rest_route=%2Fwp%2Fv2%2Fcomments&post=65"}],"version-history":[{"count":11,"href":"https:\/\/www.ceranprev.com.br\/index.php?rest_route=\/wp\/v2\/pages\/65\/revisions"}],"predecessor-version":[{"id":3669,"href":"https:\/\/www.ceranprev.com.br\/index.php?rest_route=\/wp\/v2\/pages\/65\/revisions\/3669"}],"wp:attachment":[{"href":"https:\/\/www.ceranprev.com.br\/index.php?rest_route=%2Fwp%2Fv2%2Fmedia&parent=65"}],"curies":[{"name":"wp","href":"https:\/\/api.w.org\/{rel}","templated":true}]}}